{"id":9,"date":"2026-04-10T02:42:37","date_gmt":"2026-04-10T02:42:37","guid":{"rendered":"https:\/\/atlassonoro.com\/?page_id=9"},"modified":"2026-04-10T02:42:37","modified_gmt":"2026-04-10T02:42:37","slug":"sobre","status":"publish","type":"page","link":"https:\/\/atlassonoro.com\/?page_id=9","title":{"rendered":"Sobre"},"content":{"rendered":"\n<p>Atlas Sonoro es un archivo de sonidos reales de M\u00e9xico,<br>grabados en campo con enfoque cinematogr\u00e1fico.<\/p>\n\n\n\n<p>Creado por un ingeniero apasionado de la captura sonora<br>y de la producci\u00f3n de audio de alta calidad.<\/p>\n\n\n\n<p><\/p>\n","protected":false},"excerpt":{"rendered":"<p>Atlas Sonoro es un archivo de sonidos reales de M\u00e9xico,grabados en campo con enfoque cinematogr\u00e1fico. Creado por un ingeniero apasionado de la captura sonoray de la producci\u00f3n de audio de alta calidad.<\/p>\n","protected":false},"author":1,"featured_media":0,"parent":0,"menu_order":0,"comment_status":"closed","ping_status":"closed","template":"","meta":{"footnotes":""},"class_list":["post-9","page","type-page","status-publish","hentry"],"blocksy_meta":[],"_hostinger_reach_plugin_has_subscription_block":false,"_hostinger_reach_plugin_is_elementor":false,"_links":{"self":[{"href":"https:\/\/atlassonoro.com\/index.php?rest_route=\/wp\/v2\/pages\/9","targetHints":{"allow":["GET"]}}],"collection":[{"href":"https:\/\/atlassonoro.com\/index.php?rest_route=\/wp\/v2\/pages"}],"about":[{"href":"https:\/\/atlassonoro.com\/index.php?rest_route=\/wp\/v2\/types\/page"}],"author":[{"embeddable":true,"href":"https:\/\/atlassonoro.com\/index.php?rest_route=\/wp\/v2\/users\/1"}],"replies":[{"embeddable":true,"href":"https:\/\/atlassonoro.com\/index.php?rest_route=%2Fwp%2Fv2%2Fcomments&post=9"}],"version-history":[{"count":1,"href":"https:\/\/atlassonoro.com\/index.php?rest_route=\/wp\/v2\/pages\/9\/revisions"}],"predecessor-version":[{"id":10,"href":"https:\/\/atlassonoro.com\/index.php?rest_route=\/wp\/v2\/pages\/9\/revisions\/10"}],"wp:attachment":[{"href":"https:\/\/atlassonoro.com\/index.php?rest_route=%2Fwp%2Fv2%2Fmedia&parent=9"}],"curies":[{"name":"wp","href":"https:\/\/api.w.org\/{rel}","templated":true}]}}